{"id":461,"date":"2023-10-19T07:17:59","date_gmt":"2023-10-19T07:17:59","guid":{"rendered":"https:\/\/mysmiledent.com\/?page_id=461"},"modified":"2023-10-19T07:27:27","modified_gmt":"2023-10-19T07:27:27","slug":"adatkezelesi-tajekoztato","status":"publish","type":"page","link":"https:\/\/mysmiledent.com\/de\/adatkezelesi-tajekoztato\/","title":{"rendered":"Adatkezel\u00e9si t\u00e1j\u00e9koztat\u00f3"},"content":{"rendered":"<div data-elementor-type=\"wp-page\" data-elementor-id=\"461\" class=\"elementor elementor-461\" data-elementor-post-type=\"page\">\n\t\t\t\t\t\t<section class=\"elementor-section elementor-top-section elementor-element elementor-element-fc71f19 elementor-section-full_width elementor-section-height-min-height elementor-section-items-stretch elementor-reverse-mobile elementor-section-height-default\" data-id=\"fc71f19\" data-element_type=\"section\" data-e-type=\"section\">\n\t\t\t\t\t\t<div class=\"elementor-container elementor-column-gap-default\">\n\t\t\t\t\t<div class=\"elementor-column elementor-col-50 elementor-top-column elementor-element elementor-element-3a08e56\" data-id=\"3a08e56\" data-element_type=\"column\" data-e-type=\"column\" data-settings=\"{&quot;background_background&quot;:&quot;classic&quot;}\">\n\t\t\t<div class=\"elementor-widget-wrap elementor-element-populated\">\n\t\t\t\t\t\t<div class=\"elementor-element elementor-element-d2fe662 elementor-widget elementor-widget-heading\" data-id=\"d2fe662\" data-element_type=\"widget\" data-e-type=\"widget\" data-widget_type=\"heading.default\">\n\t\t\t\t<div class=\"elementor-widget-container\">\n\t\t\t\t\t<h2 class=\"elementor-heading-title elementor-size-default\">Adatkezel\u00e9si t\u00e1j\u00e9koztat\u00f3<\/h2>\t\t\t\t<\/div>\n\t\t\t\t<\/div>\n\t\t\t\t\t<\/div>\n\t\t<\/div>\n\t\t\t\t<div class=\"elementor-column elementor-col-50 elementor-top-column elementor-element elementor-element-843d1c6\" data-id=\"843d1c6\" data-element_type=\"column\" data-e-type=\"column\" data-settings=\"{&quot;background_background&quot;:&quot;classic&quot;}\">\n\t\t\t<div class=\"elementor-widget-wrap elementor-element-populated\">\n\t\t\t\t\t\t<div class=\"elementor-element elementor-element-2481a47 elementor-view-framed elementor-widget__width-auto elementor-absolute elementor-shape-circle elementor-widget elementor-widget-icon\" data-id=\"2481a47\" data-element_type=\"widget\" data-e-type=\"widget\" data-settings=\"{&quot;_position&quot;:&quot;absolute&quot;}\" data-widget_type=\"icon.default\">\n\t\t\t\t<div class=\"elementor-widget-container\">\n\t\t\t\t\t\t\t<div class=\"elementor-icon-wrapper\">\n\t\t\t<div class=\"elementor-icon\">\n\t\t\t<svg xmlns=\"http:\/\/www.w3.org\/2000\/svg\" id=\"f330c610-8917-4b43-9629-fefcf4aaf159\" data-name=\"Layer 1\" viewbox=\"0 0 42.6297 65.9673\"><title>happy-teeth-a<\/title><g id=\"fc3a8f83-9c31-423b-a380-104a3dbff897\" data-name=\"Chosen-Website-Pages\"><path d=\"M39.979,4.3076C37.9917,1.5059,34.9585.0557,30.8706,0a20.4629,20.4629,0,0,0-9.83,3.4209C18.7417,2.105,10.2631-2.0688,4.01,3.7881.8618,6.7358-.4732,11.11.1489,16.438A32.6,32.6,0,0,0,3.6162,27.271c1.4619,2.7324.9326,6.832.3725,11.1719a64.089,64.089,0,0,0-.6562,7.2509C3.2275,52.9575,8.5864,64.8,12.434,65.8081a2.9509,2.9509,0,0,0,2.76-.6094c2.8442-2.41,2.5869-10.2216,2.1807-14.6631-.6446-7.0419.2944-13.4863,2.2827-15.6709a1.6062,1.6062,0,0,1,1.1718-.6308h.0044a2.3992,2.3992,0,0,1,1.7583.92c1.6954,1.8691,3.2032,6.9043,2.3477,15.4287-.9736,9.7,1.7109,13.2862,2.91,14.377a3.44,3.44,0,0,0,2.27,1.0078,2.4254,2.4254,0,0,0,.4609-.044c2.5615-.5039,8.6465-9.6621,8.3984-20.0449-.2431-10.1924-.2314-13.0849,1.5967-18.561C40.6274,27.167,45.5434,12.1519,39.979,4.3076ZM38.68,26.6841c-1.93,5.7768-1.9443,8.9892-1.7,19.2412.2315,9.6885-5.3623,17.5928-6.7851,18.0351-.1406.0323-.5166-.04-.999-.4794-.7608-.6934-3.1739-3.6553-2.2657-12.6993.7813-7.7939-.2861-14.1377-2.8564-16.9716a4.36,4.36,0,0,0-3.24-1.5762h-.01a3.5773,3.5773,0,0,0-2.6455,1.2842c-2.375,2.6093-3.4981,9.5205-2.7959,17.1992.7334,8.0146-.3394,11.9873-1.4815,12.9551a.9624.9624,0,0,1-.96.2c-2.461-.6446-7.708-11.2383-7.6084-18.1495a62.5137,62.5137,0,0,1,.64-7.0234c.6021-4.667,1.1714-9.0757-.5928-12.3721C2.5883,21.1108-.5533,10.8008,5.3769,5.248c2.53-2.3691,5.812-3.0761,9.7515-2.102a19.2619,19.2619,0,0,1,5.3974,2.2978l.5782.3843.5615-.4048A18.4244,18.4244,0,0,1,30.934,1.9971c3.3682.0493,5.794,1.1841,7.4141,3.4677C42.4838,11.2954,39.99,22.7593,38.68,26.6841Z\"><\/path><path d=\"M27.1155,13.9406a1.6343,1.6343,0,1,0,2.0029,1.1672A1.6392,1.6392,0,0,0,27.1155,13.9406Z\"><\/path><path d=\"M17.5684,16.4263a1.6344,1.6344,0,1,0-2.003-1.1673A1.6393,1.6393,0,0,0,17.5684,16.4263Z\"><\/path><path d=\"M25.2368,20.4336l-7.1006-.0713a.9492.9492,0,0,0-.8862.5181.9992.9992,0,0,0,.0376,1.0263c.2006.3081,2.0219,2.9956,4.6054,2.9956l.0528,0c1.5625-.022,2.9541-1.0137,4.1347-2.9478a1,1,0,0,0-.8437-1.5205Z\"><\/path><\/g><\/svg>\t\t\t<\/div>\n\t\t<\/div>\n\t\t\t\t\t\t<\/div>\n\t\t\t\t<\/div>\n\t\t\t\t\t<\/div>\n\t\t<\/div>\n\t\t\t\t\t<\/div>\n\t\t<\/section>\n\t\t\t\t<section class=\"elementor-section elementor-top-section elementor-element elementor-element-5266f0f elementor-section-full_width elementor-section-height-default elementor-section-height-default\" data-id=\"5266f0f\" data-element_type=\"section\" data-e-type=\"section\">\n\t\t\t\t\t\t<div class=\"elementor-container elementor-column-gap-default\">\n\t\t\t\t\t<div class=\"elementor-column elementor-col-100 elementor-top-column elementor-element elementor-element-7224602\" data-id=\"7224602\" data-element_type=\"column\" data-e-type=\"column\">\n\t\t\t<div class=\"elementor-widget-wrap elementor-element-populated\">\n\t\t\t\t\t\t<div class=\"elementor-element elementor-element-c7ca966 elementor-widget elementor-widget-heading\" data-id=\"c7ca966\" data-element_type=\"widget\" data-e-type=\"widget\" data-widget_type=\"heading.default\">\n\t\t\t\t<div class=\"elementor-widget-container\">\n\t\t\t\t\t<h2 class=\"elementor-heading-title elementor-size-default\">Alapelvek<\/h2>\t\t\t\t<\/div>\n\t\t\t\t<\/div>\n\t\t\t\t<div class=\"elementor-element elementor-element-67e7751 elementor-widget elementor-widget-text-editor\" data-id=\"67e7751\" data-element_type=\"widget\" data-e-type=\"widget\" data-widget_type=\"text-editor.default\">\n\t\t\t\t<div class=\"elementor-widget-container\">\n\t\t\t\t\t\t\t\t\t<p>A mysmiledent.com honlapot a My Smile Dent Fog\u00e1szati Praxis \u00fczemelteti (a tov\u00e1bbiakban, mint Adatkezel\u0151). A honlap szolg\u00e1ltat\u00e1sait a Felhaszn\u00e1l\u00f3 \u00f6nk\u00e9nt veszi ig\u00e9nybe, \u00edgy az ehhez sz\u00fcks\u00e9ges adatok kezel\u00e9se \u00f6nk\u00e9ntes adatszolg\u00e1ltat\u00e1son alapul. Adatkezel\u0151 az \u00e1tadott szem\u00e9lyes adatokat bizalmasan kezeli, \u00e9s minden technikai \u00e9s szervez\u00e9si int\u00e9zked\u00e9st megtesz annak \u00e9rdek\u00e9ben, hogy a kezelt adatokhoz illet\u00e9ktelen szem\u00e9ly ne f\u00e9rjen hozz\u00e1.<\/p>\t\t\t\t\t\t\t\t<\/div>\n\t\t\t\t<\/div>\n\t\t\t\t<div class=\"elementor-element elementor-element-059967f elementor-widget elementor-widget-heading\" data-id=\"059967f\" data-element_type=\"widget\" data-e-type=\"widget\" data-widget_type=\"heading.default\">\n\t\t\t\t<div class=\"elementor-widget-container\">\n\t\t\t\t\t<h2 class=\"elementor-heading-title elementor-size-default\">Adatkezel\u0151 adatai<\/h2>\t\t\t\t<\/div>\n\t\t\t\t<\/div>\n\t\t\t\t<div class=\"elementor-element elementor-element-29be7c9 elementor-widget elementor-widget-text-editor\" data-id=\"29be7c9\" data-element_type=\"widget\" data-e-type=\"widget\" data-widget_type=\"text-editor.default\">\n\t\t\t\t<div class=\"elementor-widget-container\">\n\t\t\t\t\t\t\t\t\t<p>N\u00e9v: My Smile Dent Fog\u00e1szati Praxis <br \/>C\u00edm: 9600 Szombathely, Kir\u00e1ly utca 6.<br \/>E-mail c\u00edm:<a>\u00a0<\/a><a>info@mysmiledent.com<\/a><\/p>\t\t\t\t\t\t\t\t<\/div>\n\t\t\t\t<\/div>\n\t\t\t\t<div class=\"elementor-element elementor-element-a75cf8a elementor-widget elementor-widget-heading\" data-id=\"a75cf8a\" data-element_type=\"widget\" data-e-type=\"widget\" data-widget_type=\"heading.default\">\n\t\t\t\t<div class=\"elementor-widget-container\">\n\t\t\t\t\t<h2 class=\"elementor-heading-title elementor-size-default\">Adatkezel\u00e9s c\u00e9lja \u00e9s a t\u00e1rolt adatok<\/h2>\t\t\t\t<\/div>\n\t\t\t\t<\/div>\n\t\t\t\t<div class=\"elementor-element elementor-element-04cee73 elementor-widget elementor-widget-text-editor\" data-id=\"04cee73\" data-element_type=\"widget\" data-e-type=\"widget\" data-widget_type=\"text-editor.default\">\n\t\t\t\t<div class=\"elementor-widget-container\">\n\t\t\t\t\t\t\t\t\t<p><strong>A szervereink \u00e1ltal automatikusan napl\u00f3zott inform\u00e1ci\u00f3k<\/strong><br \/>Szervereink automatikusan napl\u00f3zz\u00e1k felhaszn\u00e1l\u00f3ink IP-c\u00edm\u00e9t, az \u00e1ltaluk haszn\u00e1lt oper\u00e1ci\u00f3s rendszer \u00e9s b\u00f6ng\u00e9sz\u0151program t\u00edpus\u00e1t \u00e9s n\u00e9h\u00e1ny m\u00e1s inform\u00e1ci\u00f3t. Ezeket az inform\u00e1ci\u00f3kat kiz\u00e1r\u00f3lag \u00f6sszes\u00edtett \u00e9s feldolgozott form\u00e1ban hasznos\u00edtjuk, szolg\u00e1ltat\u00e1saink esetleges hib\u00e1inak kijav\u00edt\u00e1sa, min\u0151s\u00e9g\u00fck jav\u00edt\u00e1sa \u00e9rdek\u00e9ben \u00e9s statisztikai c\u00e9lokra.<\/p>\t\t\t\t\t\t\t\t<\/div>\n\t\t\t\t<\/div>\n\t\t\t\t<div class=\"elementor-element elementor-element-0c8bcff elementor-widget elementor-widget-text-editor\" data-id=\"0c8bcff\" data-element_type=\"widget\" data-e-type=\"widget\" data-widget_type=\"text-editor.default\">\n\t\t\t\t<div class=\"elementor-widget-container\">\n\t\t\t\t\t\t\t\t\t<p><strong>A cookie-k haszn\u00e1lat\u00e1r\u00f3l (m\u00e1s n\u00e9ven s\u00fctik)<\/strong><br \/>Egyes szolg\u00e1ltat\u00e1saink egyedi azonos\u00edt\u00f3t, \u00fagynevezett cookie-t helyeznek el felhaszn\u00e1l\u00f3ink sz\u00e1m\u00edt\u00f3g\u00e9p\u00e9n. A cookie a webszerver \u00e1ltal k\u00fcld\u00f6tt, v\u00e1ltoz\u00f3 tartalm\u00fa inform\u00e1ci\u00f3 csomag, mely a felhaszn\u00e1l\u00f3 sz\u00e1m\u00edt\u00f3g\u00e9p\u00e9n t\u00e1rol\u00e1sra ker\u00fcl, \u00e9s lehet\u0151s\u00e9get biztos\u00edt egyes adatainak lek\u00e9rdez\u00e9s\u00e9re. A cookie-k kiz\u00e1r\u00f3lag a felhaszn\u00e1l\u00f3k autentik\u00e1l\u00e1s\u00e1nak megk\u00f6nny\u00edt\u00e9s\u00e9t szolg\u00e1lj\u00e1k. A regisztr\u00e1ci\u00f3hoz k\u00f6t\u00f6tt tartalmakat megtekinteni technol\u00f3giai okok miatt csak cookie-t fogad\u00f3 sz\u00e1m\u00edt\u00f3g\u00e9pr\u0151l lehets\u00e9ges. A cookie \u00e9rv\u00e9nyess\u00e9ge maximum a b\u00f6ng\u00e9sz\u0151 program bez\u00e1r\u00e1sa. A felhaszn\u00e1l\u00f3 a saj\u00e1t cookie-j\u00e1t b\u00e1rmikor t\u00f6r\u00f6lheti b\u00f6ng\u00e9sz\u0151programja seg\u00edts\u00e9g\u00e9vel.<\/p>\t\t\t\t\t\t\t\t<\/div>\n\t\t\t\t<\/div>\n\t\t\t\t<div class=\"elementor-element elementor-element-c6f9258 elementor-widget elementor-widget-text-editor\" data-id=\"c6f9258\" data-element_type=\"widget\" data-e-type=\"widget\" data-widget_type=\"text-editor.default\">\n\t\t\t\t<div class=\"elementor-widget-container\">\n\t\t\t\t\t\t\t\t\t<p><strong>T\u00e1rolt adatok<\/strong><br \/>Kapcsolatfelv<span lang=\"hu-HU\">\u00e9teli \u0171rlap elk\u00fcld\u00e9se<\/span> sor\u00e1n: n\u00e9v, e-mail, telefon. Az adatok \u00fcgyf\u00e9l kapcsolattart\u00e1si inform\u00e1ci\u00f3k, kapcsolatfelv<span lang=\"hu-HU\">\u00e9telhez<\/span> sz\u00fcks\u00e9gesek.<\/p>\t\t\t\t\t\t\t\t<\/div>\n\t\t\t\t<\/div>\n\t\t\t\t<div class=\"elementor-element elementor-element-5e95f52 elementor-widget elementor-widget-heading\" data-id=\"5e95f52\" data-element_type=\"widget\" data-e-type=\"widget\" data-widget_type=\"heading.default\">\n\t\t\t\t<div class=\"elementor-widget-container\">\n\t\t\t\t\t<h2 class=\"elementor-heading-title elementor-size-default\">Adatkezel\u00e9s jogalapja<\/h2>\t\t\t\t<\/div>\n\t\t\t\t<\/div>\n\t\t\t\t<div class=\"elementor-element elementor-element-5f5d15d elementor-widget elementor-widget-text-editor\" data-id=\"5f5d15d\" data-element_type=\"widget\" data-e-type=\"widget\" data-widget_type=\"text-editor.default\">\n\t\t\t\t<div class=\"elementor-widget-container\">\n\t\t\t\t\t\t\t\t\t<p>A honlap szolg\u00e1ltat\u00e1sait a Felhaszn\u00e1l\u00f3 \u00f6nk\u00e9nt veszi ig\u00e9nybe. A bek\u00e9rt adatok az \u00e9rintett \u00f6nk\u00e9ntes hozz\u00e1j\u00e1rul\u00e1s\u00e1n alapulnak.<\/p>\t\t\t\t\t\t\t\t<\/div>\n\t\t\t\t<\/div>\n\t\t\t\t<div class=\"elementor-element elementor-element-de9b657 elementor-widget elementor-widget-heading\" data-id=\"de9b657\" data-element_type=\"widget\" data-e-type=\"widget\" data-widget_type=\"heading.default\">\n\t\t\t\t<div class=\"elementor-widget-container\">\n\t\t\t\t\t<h2 class=\"elementor-heading-title elementor-size-default\">Hozz\u00e1f\u00e9r\u00e9si, helyesb\u00edt\u00e9si, t\u00f6rl\u00e9si jogok<\/h2>\t\t\t\t<\/div>\n\t\t\t\t<\/div>\n\t\t\t\t<div class=\"elementor-element elementor-element-4a1d8c4 elementor-widget elementor-widget-text-editor\" data-id=\"4a1d8c4\" data-element_type=\"widget\" data-e-type=\"widget\" data-widget_type=\"text-editor.default\">\n\t\t\t\t<div class=\"elementor-widget-container\">\n\t\t\t\t\t\t\t\t\t<p>A Felhaszn\u00e1l\u00f3 b\u00e1rmikor t\u00e1j\u00e9koztat\u00e1st k\u00e9rhet szem\u00e9lyes adatai kezel\u00e9s\u00e9r\u0151l . A Felhaszn\u00e1l\u00f3 k\u00e9relm\u00e9re az Adatkezel\u0151 t\u00e1j\u00e9koztat\u00e1st ad a kezelt adatokr\u00f3l, az adatkezel\u00e9s c\u00e9lj\u00e1r\u00f3l, jogalapj\u00e1r\u00f3l, id\u0151tartam\u00e1r\u00f3l, az adatfeldolgoz\u00f3 nev\u00e9r\u0151l, c\u00edm\u00e9r\u0151l (sz\u00e9khely\u00e9r\u0151l) \u00e9s az adatkezel\u00e9ssel \u00f6sszef\u00fcgg\u0151 tev\u00e9kenys\u00e9g\u00e9r\u0151l, tov\u00e1bb\u00e1 arr\u00f3l, hogy kik \u00e9s milyen c\u00e9lb\u00f3l kapj\u00e1k vagy kapt\u00e1k meg az adatokat. A t\u00e1j\u00e9koztat\u00e1st a k\u00e9relem beny\u00fajt\u00e1s\u00e1t\u00f3l sz\u00e1m\u00edtott legr\u00f6videbb id\u0151 alatt, legfeljebb azonban 30 napon bel\u00fcl \u00edr\u00e1sban adja. A k\u00e9relmet az Adatkezel\u0151 \u00fcgyf\u00e9lszolg\u00e1lati e-mail c\u00edm\u00e9re kell elk\u00fcldeni.<\/p>\t\t\t\t\t\t\t\t<\/div>\n\t\t\t\t<\/div>\n\t\t\t\t<div class=\"elementor-element elementor-element-09ebaab elementor-widget elementor-widget-text-editor\" data-id=\"09ebaab\" data-element_type=\"widget\" data-e-type=\"widget\" data-widget_type=\"text-editor.default\">\n\t\t\t\t<div class=\"elementor-widget-container\">\n\t\t\t\t\t\t\t\t\t<p>Az adatok t\u00f6rl\u00e9s\u00e9t, illetve helyesb\u00edt\u00e9s\u00e9t b\u00e1rmikor kezdem\u00e9nyezheti az erre szolg\u00e1l\u00f3 funkci\u00f3k haszn\u00e1lat\u00e1val (pl. regisztr\u00e1ci\u00f3 t\u00f6rl\u00e9se, h\u00edrlev\u00e9lr\u0151l t\u00f6rt\u00e9n\u0151 leiratkoz\u00e1s, adatm\u00f3dos\u00edt\u00e1s), vagy \u00edrja meg ilyen jelleg\u0171 k\u00e9relm\u00e9t \u00fcgyf\u00e9lszolg\u00e1latunk e-mail c\u00edm\u00e9re.<\/p>\t\t\t\t\t\t\t\t<\/div>\n\t\t\t\t<\/div>\n\t\t\t\t<div class=\"elementor-element elementor-element-c02b390 elementor-widget elementor-widget-text-editor\" data-id=\"c02b390\" data-element_type=\"widget\" data-e-type=\"widget\" data-widget_type=\"text-editor.default\">\n\t\t\t\t<div class=\"elementor-widget-container\">\n\t\t\t\t\t\t\t\t\t<p>Azok az \u00fcgyf\u00e9l \u00e1ltal nem haszn\u00e1lt t\u00e1rolt adatok (pl. bel\u00e9p\u00e9shez megadott adatok), amelyek nem sz\u00fcks\u00e9gesek az \u00fcgyf\u00e9l kapcsolattart\u00e1shoz, esetleges garanci\u00e1lis vagy szavatoss\u00e1gi \u00fcgyint\u00e9z\u00e9shez, maximum 1 \u00e9v ut\u00e1n t\u00f6rl\u00e9sre ker\u00fclnek.<\/p>\t\t\t\t\t\t\t\t<\/div>\n\t\t\t\t<\/div>\n\t\t\t\t<div class=\"elementor-element elementor-element-17fffcb elementor-widget elementor-widget-heading\" data-id=\"17fffcb\" data-element_type=\"widget\" data-e-type=\"widget\" data-widget_type=\"heading.default\">\n\t\t\t\t<div class=\"elementor-widget-container\">\n\t\t\t\t\t<h2 class=\"elementor-heading-title elementor-size-default\">\u00c9rintett jogai \u00e9s jog\u00e9rv\u00e9nyes\u00edt\u00e9si lehet\u0151s\u00e9gei<\/h2>\t\t\t\t<\/div>\n\t\t\t\t<\/div>\n\t\t\t\t<div class=\"elementor-element elementor-element-10900d9 elementor-widget elementor-widget-text-editor\" data-id=\"10900d9\" data-element_type=\"widget\" data-e-type=\"widget\" data-widget_type=\"text-editor.default\">\n\t\t\t\t<div class=\"elementor-widget-container\">\n\t\t\t\t\t\t\t\t\t<p><strong>B\u00edr\u00f3s\u00e1gi jog\u00e9rv\u00e9nyes\u00edt\u00e9s<\/strong><br \/>A Felhaszn\u00e1l\u00f3 szem\u00e9lyes adatok v\u00e9delm\u00e9hez f\u0171z\u0151d\u0151 jog\u00e1nak megs\u00e9rt\u00e9se eset\u00e9n az Adatkezel\u0151 ellen b\u00edr\u00f3s\u00e1ghoz fordulhat.<\/p>\t\t\t\t\t\t\t\t<\/div>\n\t\t\t\t<\/div>\n\t\t\t\t<div class=\"elementor-element elementor-element-2edeba5 elementor-widget elementor-widget-text-editor\" data-id=\"2edeba5\" data-element_type=\"widget\" data-e-type=\"widget\" data-widget_type=\"text-editor.default\">\n\t\t\t\t<div class=\"elementor-widget-container\">\n\t\t\t\t\t\t\t\t\t<p><strong>A Nemzeti Adatv\u00e9delmi \u00e9s Inform\u00e1ci\u00f3szabads\u00e1g Hat\u00f3s\u00e1g vizsg\u00e1lata<\/strong><br \/>Az Avtv. 27. \u00a7-a alapj\u00e1n b\u00e1rki a Nemzeti Adatv\u00e9delmi \u00e9s Inform\u00e1ci\u00f3szabads\u00e1g Hat\u00f3s\u00e1ghoz fordulhat, ha v\u00e9lem\u00e9nye szerint szem\u00e9lyes adatainak kezel\u00e9s\u00e9vel kapcsolatban jogs\u00e9relem \u00e9rte, vagy annak k\u00f6zvetlen vesz\u00e9lye fenn\u00e1ll, kiv\u00e9ve ha az adott \u00fcgyben b\u00edr\u00f3s\u00e1gi elj\u00e1r\u00e1s van folyamatban.\u00a0A Nemzeti Adatv\u00e9delmi \u00e9s Inform\u00e1ci\u00f3szabads\u00e1g Hat\u00f3s\u00e1ghoz tett bejelent\u00e9se miatt senkit sem \u00e9rhet h\u00e1tr\u00e1ny. A bejelent\u0151t a k\u00f6z\u00e9rdek\u0171 bejelent\u0151vel azonos v\u00e9delem illeti meg.<br \/>A Nemzeti Adatv\u00e9delmi \u00e9s Inform\u00e1ci\u00f3szabads\u00e1g Hat\u00f3s\u00e1ghoz illet\u00e9kmentesen \u00e9s formai k\u00f6t\u00f6tts\u00e9g n\u00e9lk\u00fcl int\u00e9zhet\u0151 beadv\u00e1ny, a\u00a0Nemzeti Adatv\u00e9delmi \u00e9s Inform\u00e1ci\u00f3szabads\u00e1g Hat\u00f3s\u00e1g honlapja az al\u00e1bbi c\u00edmen \u00e9rhet\u0151 el:\u00a0<a href=\"http:\/\/naih.hu\/\" target=\"_blank\" rel=\"noopener\">http:\/\/naih.hu\/<\/a><\/p>\t\t\t\t\t\t\t\t<\/div>\n\t\t\t\t<\/div>\n\t\t\t\t<div class=\"elementor-element elementor-element-a2d1898 elementor-widget elementor-widget-heading\" data-id=\"a2d1898\" data-element_type=\"widget\" data-e-type=\"widget\" data-widget_type=\"heading.default\">\n\t\t\t\t<div class=\"elementor-widget-container\">\n\t\t\t\t\t<h2 class=\"elementor-heading-title elementor-size-default\">K\u00fcls\u0151 linkek vagy hivatkoz\u00e1sok<\/h2>\t\t\t\t<\/div>\n\t\t\t\t<\/div>\n\t\t\t\t<div class=\"elementor-element elementor-element-2ec72bc elementor-widget elementor-widget-text-editor\" data-id=\"2ec72bc\" data-element_type=\"widget\" data-e-type=\"widget\" data-widget_type=\"text-editor.default\">\n\t\t\t\t<div class=\"elementor-widget-container\">\n\t\t\t\t\t\t\t\t\t<p>Honlapunk tartalmazhat olyan kapcsol\u00f3d\u00e1si pontot (linket, hivatkoz\u00e1st), amely m\u00e1s szolg\u00e1ltat\u00f3k oldalaira vezet. Ezen szolg\u00e1ltat\u00f3k adat- \u00e9s inform\u00e1ci\u00f3v\u00e9delmi gyakorlat\u00e1\u00e9rt az Adatkezel\u0151 nem v\u00e1llal felel\u0151ss\u00e9get.<\/p>\t\t\t\t\t\t\t\t<\/div>\n\t\t\t\t<\/div>\n\t\t\t\t\t<\/div>\n\t\t<\/div>\n\t\t\t\t\t<\/div>\n\t\t<\/section>\n\t\t\t\t<\/div>","protected":false},"excerpt":{"rendered":"<p>Adatkezel\u00e9si t\u00e1j\u00e9koztat\u00f3 happy-teeth-a Alapelvek A mysmiledent.com honlapot a My Smile Dent Fog\u00e1szati Praxis \u00fczemelteti (a tov\u00e1bbiakban, mint Adatkezel\u0151). A honlap szolg\u00e1ltat\u00e1sait a Felhaszn\u00e1l\u00f3 \u00f6nk\u00e9nt veszi ig\u00e9nybe, \u00edgy az ehhez sz\u00fcks\u00e9ges adatok kezel\u00e9se \u00f6nk\u00e9ntes adatszolg\u00e1ltat\u00e1son alapul. Adatkezel\u0151 az \u00e1tadott szem\u00e9lyes adatokat bizalmasan kezeli, \u00e9s minden technikai \u00e9s szervez\u00e9si int\u00e9zked\u00e9st megtesz annak \u00e9rdek\u00e9ben, hogy a kezelt adatokhoz [&hellip;]<\/p>\n","protected":false},"author":1,"featured_media":0,"parent":0,"menu_order":0,"comment_status":"closed","ping_status":"closed","template":"elementor_header_footer","meta":{"footnotes":""},"class_list":["post-461","page","type-page","status-publish","hentry"],"_links":{"self":[{"href":"https:\/\/mysmiledent.com\/de\/wp-json\/wp\/v2\/pages\/461","targetHints":{"allow":["GET"]}}],"collection":[{"href":"https:\/\/mysmiledent.com\/de\/wp-json\/wp\/v2\/pages"}],"about":[{"href":"https:\/\/mysmiledent.com\/de\/wp-json\/wp\/v2\/types\/page"}],"author":[{"embeddable":true,"href":"https:\/\/mysmiledent.com\/de\/wp-json\/wp\/v2\/users\/1"}],"replies":[{"embeddable":true,"href":"https:\/\/mysmiledent.com\/de\/wp-json\/wp\/v2\/comments?post=461"}],"version-history":[{"count":5,"href":"https:\/\/mysmiledent.com\/de\/wp-json\/wp\/v2\/pages\/461\/revisions"}],"predecessor-version":[{"id":466,"href":"https:\/\/mysmiledent.com\/de\/wp-json\/wp\/v2\/pages\/461\/revisions\/466"}],"wp:attachment":[{"href":"https:\/\/mysmiledent.com\/de\/wp-json\/wp\/v2\/media?parent=461"}],"curies":[{"name":"wp","href":"https:\/\/api.w.org\/{rel}","templated":true}]}}